{"id":1905,"date":"2026-05-04T08:22:28","date_gmt":"2026-05-04T08:22:28","guid":{"rendered":"http:\/\/34.87.169.130\/order-online\/"},"modified":"2026-05-09T12:37:07","modified_gmt":"2026-05-09T05:37:07","slug":"order-online","status":"publish","type":"page","link":"https:\/\/wptrasua.phh.info.vn\/?page_id=1905","title":{"rendered":"\u0110\u1eb7t m\u00f3n"},"content":{"rendered":"\t\t<div data-elementor-type=\"wp-page\" data-elementor-id=\"1905\" class=\"elementor elementor-1905\">\n\t\t\t\t<div class=\"elementor-element elementor-element-988c648 e-flex e-con-boxed e-con e-parent\" data-id=\"988c648\" data-element_type=\"container\" data-e-type=\"container\">\n\t\t\t\t\t<div class=\"e-con-inner\">\n\t\t\t\t<div class=\"elementor-element elementor-element-52ca474 elementor-widget elementor-widget-shortcode\" data-id=\"52ca474\" data-element_type=\"widget\" data-e-type=\"widget\" data-widget_type=\"shortcode.default\">\n\t\t\t\t<div class=\"elementor-widget-container\">\n\t\t\t\t\t\t\t<div class=\"elementor-shortcode\"><div id=\"foodstore\" class=\"fs-container\">\n\t<div class=\"fs-row\">\n<div id=\"wfs-sticky-sidebar\" class=\"\">\n  <div class=\"wfs-sidebar-menu\">\n    <ul>\n<li class=\"wfs-category-menu-li do-uong\">\n  \n      <a class=\"wfs-loop-category__title\" data-category-title=\"do-uong\" data-category-id=\"26\" href=\"javascript:void(0);\">\n      \u0110\u1ed3 u\u1ed1ng    <\/a>\n    \n<\/li>\n<li class=\"wfs-category-menu-li mon-an-vat\">\n  \n      <a class=\"wfs-loop-category__title\" data-category-title=\"mon-an-vat\" data-category-id=\"16\" href=\"javascript:void(0);\">\n      M\u00f3n \u0102n V\u1eb7t    <\/a>\n    \n<\/li>    <\/ul>\n  <\/div>\n<\/div>\n<div id=\"wfs-food-items\" class=\"\">\n    <div class=\"wfs-store-close-msg\">\n      <span>\n        Xin l\u1ed7i, c\u1eeda h\u00e0ng hi\u1ec7n \u0111ang \u0111\u00f3ng c\u1eeda. Vui l\u00f2ng quay l\u1ea1i sau!      <\/span>\n    <\/div>\n    \n    <!-- Search bar start -->\n<div class=\"wfs-search-container\">\n<input class=\"wfs-food-search\" type=\"text\" placeholder=\"T\u00ecm m\u00f3n \u0103n..\" name=\"wfs-search\">\n<i class=\"wfs-icon-search\"><\/i>\n<\/div>\n<!-- Search bar end -->\n<!--  Food Category Menu -->\n<div id=\"26_start\" class=\"wfs-category-title-container not-in-search in-search\"  data-category-title=\"do-uong\" data-term-id=\"26\" >\n\t\n\t\n\t<h3 id=\"26\" data-title=\"do-uong\" class=\"wfs-category-title\">\u0110\u1ed3 u\u1ed1ng<\/h3>\n\t<span class=\"wfs-category-short-desciption\"><\/span>\n\n\t\n<\/div><div class=\"fs-row\"><div class=\"fs-col-lg-12 fs-col-md-12 fs-col-sm-12 fs-col-xs-12\">\n<div class=\"wfs-food-item-container\" data-term-id=\"26\">\n\n  \n\n\t<div class=\"wfs-food-item-image-container\">\n\t\t\n\t\t\n\t\t\t\t  \t\t\n\t  \t\t<img decoding=\"async\" class=\"\" alt=\"Tr\u00e0 t\u1eafc th\u00e1i xanh\" src=\"https:\/\/wptrasua.phh.info.vn\/wp-content\/uploads\/2026\/05\/tra-tac.png\" style=\"width: 105px;\" \/>\n\t  \t\n\t  \t\t<\/div>\n\n  <div class=\"wfs-food-item-summery\">\n    \n    <a href=\"javascript:void(0);\" class=\"wfs-food-item-title\">Tr\u00e0 t\u1eafc th\u00e1i xanh<\/a><p class=\"price\"><span class=\"woocommerce-Price-amount amount\"><bdi>15.000&nbsp;<span class=\"woocommerce-Price-currencySymbol\">&#8363;<\/span><\/bdi><\/span><\/p>    \n    \n      <button class=\"fs-btn fs-btn-primary button-add-to-cart wfs-product-modal\" data-product-id=\"2034\" data-loading-text=\"Ch\u1edd...\">\n          <span class=\"wfs_btn_txt\">Th\u00eam<\/span>\n          <i class=\"wfs-icon-plus\"><\/i>\n        <\/button>\n\n    \n  <\/div>\n\n  \n<div class=\"fs-text-right wfs-food-item-cart-action\">\n\t\n\t\n\t\t<button class=\"fs-btn fs-btn-primary button-add-to-cart wfs-product-modal\" data-product-id=\"2034\" data-loading-text=\"Ch\u1edd...\">\n    \t\t<span class=\"wfs_btn_txt\">Th\u00eam<\/span>\n    \t\t<i class=\"wfs-icon-plus\"><\/i>\n  \t\t<\/button>\n\n\t<\/div>\n<\/div><\/div><\/div><div class=\"fs-row\"><\/div>\n<div id=\"do-uong_end\"><\/div>\n<!--  Food Category Menu End -->\n<!--  Food Category Menu -->\n<div id=\"16_start\" class=\"wfs-category-title-container not-in-search in-search\"  data-category-title=\"mon-an-vat\" data-term-id=\"16\" >\n\t\n\t\n\t<h3 id=\"16\" data-title=\"mon-an-vat\" class=\"wfs-category-title\">M\u00f3n \u0102n V\u1eb7t<\/h3>\n\t<span class=\"wfs-category-short-desciption\"><\/span>\n\n\t\n<\/div><div class=\"fs-row\"><div class=\"fs-col-lg-12 fs-col-md-12 fs-col-sm-12 fs-col-xs-12\">\n<div class=\"wfs-food-item-container\" data-term-id=\"16\">\n\n  \n\n\t<div class=\"wfs-food-item-image-container\">\n\t\t\t\t\t<div class=\"wfs-food-item-type nonveg\">\n\t\t        <div><\/div>\n\t\t    <\/div>\n\t\t\n\t\t\n\t\t\t\t  \t\t\n\t  \t\t<img decoding=\"async\" class=\"\" alt=\"Ch\u00e2n G\u00e0 S\u1ea3 T\u1eafc\" src=\"https:\/\/wptrasua.phh.info.vn\/wp-content\/uploads\/2026\/03\/chan-ga-sa-tac-1.png\" style=\"width: 105px;\" \/>\n\t  \t\n\t  \t\t<\/div>\n\n  <div class=\"wfs-food-item-summery\">\n    \n    <a href=\"javascript:void(0);\" class=\"wfs-food-item-title\">Ch\u00e2n G\u00e0 S\u1ea3 T\u1eafc<\/a><p class=\"price\"><span class=\"woocommerce-Price-amount amount\"><bdi>35.000&nbsp;<span class=\"woocommerce-Price-currencySymbol\">&#8363;<\/span><\/bdi><\/span><\/p>    \n    \n      <button class=\"fs-btn fs-btn-primary button-add-to-cart wfs-product-modal\" data-product-id=\"16\" data-loading-text=\"Ch\u1edd...\">\n          <span class=\"wfs_btn_txt\">Th\u00eam<\/span>\n          <i class=\"wfs-icon-plus\"><\/i>\n        <\/button>\n\n    \n  <\/div>\n\n  \n<div class=\"fs-text-right wfs-food-item-cart-action\">\n\t\n\t\n\t\t<button class=\"fs-btn fs-btn-primary button-add-to-cart wfs-product-modal\" data-product-id=\"16\" data-loading-text=\"Ch\u1edd...\">\n    \t\t<span class=\"wfs_btn_txt\">Th\u00eam<\/span>\n    \t\t<i class=\"wfs-icon-plus\"><\/i>\n  \t\t<\/button>\n\n\t<\/div>\n<\/div><\/div><\/div><div class=\"fs-row\"><\/div>\n<div id=\"mon-an-vat_end\"><\/div>\n<!--  Food Category Menu End --><\/div>\t<\/div>\n<\/div><\/div>\n\t\t\t\t\t\t<\/div>\n\t\t\t\t<\/div>\n\t\t\t\t\t<\/div>\n\t\t\t\t<\/div>\n\t\t\t\t<\/div>\n\t\t","protected":false},"excerpt":{"rendered":"","protected":false},"author":1,"featured_media":0,"parent":0,"menu_order":0,"comment_status":"closed","ping_status":"closed","template":"","meta":{"footnotes":""},"class_list":["post-1905","page","type-page","status-publish","hentry"],"_links":{"self":[{"href":"https:\/\/wptrasua.phh.info.vn\/index.php?rest_route=\/wp\/v2\/pages\/1905","targetHints":{"allow":["GET"]}}],"collection":[{"href":"https:\/\/wptrasua.phh.info.vn\/index.php?rest_route=\/wp\/v2\/pages"}],"about":[{"href":"https:\/\/wptrasua.phh.info.vn\/index.php?rest_route=\/wp\/v2\/types\/page"}],"author":[{"embeddable":true,"href":"https:\/\/wptrasua.phh.info.vn\/index.php?rest_route=\/wp\/v2\/users\/1"}],"replies":[{"embeddable":true,"href":"https:\/\/wptrasua.phh.info.vn\/index.php?rest_route=%2Fwp%2Fv2%2Fcomments&post=1905"}],"version-history":[{"count":5,"href":"https:\/\/wptrasua.phh.info.vn\/index.php?rest_route=\/wp\/v2\/pages\/1905\/revisions"}],"predecessor-version":[{"id":2043,"href":"https:\/\/wptrasua.phh.info.vn\/index.php?rest_route=\/wp\/v2\/pages\/1905\/revisions\/2043"}],"wp:attachment":[{"href":"https:\/\/wptrasua.phh.info.vn\/index.php?rest_route=%2Fwp%2Fv2%2Fmedia&parent=1905"}],"curies":[{"name":"wp","href":"https:\/\/api.w.org\/{rel}","templated":true}]}}