{"id":1981,"date":"2026-05-08T05:46:08","date_gmt":"2026-05-08T05:46:08","guid":{"rendered":"http:\/\/34.87.169.130\/?page_id=1981"},"modified":"2026-05-15T01:14:23","modified_gmt":"2026-05-14T18:14:23","slug":"lien-he","status":"publish","type":"page","link":"https:\/\/wptrasua.phh.info.vn\/?page_id=1981","title":{"rendered":"Li\u00ean H\u1ec7 Foodtizi"},"content":{"rendered":"<p>\u0110\u1ed9i ng\u0169 Foodtizi lu\u00f4n s\u1eb5n s\u00e0ng l\u1eafng nghe b\u1ea1n. H\u00e3y k\u1ebft n\u1ed1i v\u1edbi ch\u00fang t\u00f4i ngay nh\u00e9!<\/p>\n<div class=\"contact-info-grid\">\n<div class=\"contact-item\">\n<h4>\u0110\u1ecba Ch\u1ec9<\/h4>\n<p>Ph\u01b0\u1eddng B\u1ea1c Li\u00eau, t\u1ec9nh C\u00e0 Mau<\/p>\n<\/p><\/div>\n<div class=\"contact-item\">\n<h4>Hotline<\/h4>\n<p>0973 521 499<\/p>\n<\/p><\/div>\n<div class=\"contact-item\">\n<h4>Email<\/h4>\n<p>hotro@foodtizi.com<\/p>\n<\/p><\/div>\n<\/p><\/div>\n<h2>G\u1eedi Tin Nh\u1eafn<\/h2>\n<p>Ch\u00fang m\u00ecnh s\u1ebd ph\u1ea3n h\u1ed3i b\u1ea1n trong th\u1eddi gian s\u1edbm nh\u1ea5t!<\/p>\n","protected":false},"excerpt":{"rendered":"<p>Gh\u00e9 th\u0103m ti\u1ec7m ho\u1eb7c li\u00ean h\u1ec7 v\u1edbi Foodtizi qua hotline v\u00e0 email.<\/p>\n","protected":false},"author":1,"featured_media":0,"parent":0,"menu_order":0,"comment_status":"closed","ping_status":"closed","template":"template-premium.php","meta":{"footnotes":""},"class_list":["post-1981","page","type-page","status-publish","hentry"],"_links":{"self":[{"href":"https:\/\/wptrasua.phh.info.vn\/index.php?rest_route=\/wp\/v2\/pages\/1981","targetHints":{"allow":["GET"]}}],"collection":[{"href":"https:\/\/wptrasua.phh.info.vn\/index.php?rest_route=\/wp\/v2\/pages"}],"about":[{"href":"https:\/\/wptrasua.phh.info.vn\/index.php?rest_route=\/wp\/v2\/types\/page"}],"author":[{"embeddable":true,"href":"https:\/\/wptrasua.phh.info.vn\/index.php?rest_route=\/wp\/v2\/users\/1"}],"replies":[{"embeddable":true,"href":"https:\/\/wptrasua.phh.info.vn\/index.php?rest_route=%2Fwp%2Fv2%2Fcomments&post=1981"}],"version-history":[{"count":4,"href":"https:\/\/wptrasua.phh.info.vn\/index.php?rest_route=\/wp\/v2\/pages\/1981\/revisions"}],"predecessor-version":[{"id":2055,"href":"https:\/\/wptrasua.phh.info.vn\/index.php?rest_route=\/wp\/v2\/pages\/1981\/revisions\/2055"}],"wp:attachment":[{"href":"https:\/\/wptrasua.phh.info.vn\/index.php?rest_route=%2Fwp%2Fv2%2Fmedia&parent=1981"}],"curies":[{"name":"wp","href":"https:\/\/api.w.org\/{rel}","templated":true}]}}