{"id":16,"date":"2026-03-02T02:02:51","date_gmt":"2026-03-02T02:02:51","guid":{"rendered":"http:\/\/34.87.169.130\/?post_type=product&#038;p=16"},"modified":"2026-05-09T12:02:09","modified_gmt":"2026-05-09T05:02:09","slug":"chan-ga-sa-tac","status":"publish","type":"product","link":"https:\/\/wptrasua.phh.info.vn\/?product=chan-ga-sa-tac","title":{"rendered":"Ch\u00e2n G\u00e0 S\u1ea3 T\u1eafc"},"content":{"rendered":"<p>Ch\u00e2n g\u00e0 r\u00fat x\u01b0\u01a1ng dai gi\u00f2n, th\u1ea5m \u0111\u1eabm v\u1ecb chua thanh c\u1ee7a t\u1eafc, th\u01a1m n\u1ed3ng m\u00f9i s\u1ea3 v\u00e0 \u1edbt cay nh\u1eb9. M\u00f3n \u0103n v\u1eb7t &#8220;qu\u1ed1c d\u00e2n&#8221; kh\u00f4ng th\u1ec3 b\u1ecf qua.<\/p>\n","protected":false},"excerpt":{"rendered":"<p>Ch\u00e2n g\u00e0 r\u00fat x\u01b0\u01a1ng dai gi\u00f2n, th\u1ea5m \u0111\u1eabm v\u1ecb chua thanh c\u1ee7a t\u1eafc, th\u01a1m n\u1ed3ng m\u00f9i s\u1ea3 v\u00e0 \u1edbt cay nh\u1eb9. M\u00f3n \u0103n v\u1eb7t &#8220;qu\u1ed1c d\u00e2n&#8221; kh\u00f4ng th\u1ec3 b\u1ecf qua.<\/p>\n","protected":false},"featured_media":17,"comment_status":"open","ping_status":"closed","template":"","meta":[],"product_brand":[],"product_cat":[16],"product_tag":[],"class_list":{"0":"post-16","1":"product","2":"type-product","3":"status-publish","4":"has-post-thumbnail","6":"product_cat-mon-an-vat","8":"first","9":"instock","10":"featured","11":"shipping-taxable","12":"purchasable","13":"product-type-simple"},"_links":{"self":[{"href":"https:\/\/wptrasua.phh.info.vn\/index.php?rest_route=\/wp\/v2\/product\/16","targetHints":{"allow":["GET"]}}],"collection":[{"href":"https:\/\/wptrasua.phh.info.vn\/index.php?rest_route=\/wp\/v2\/product"}],"about":[{"href":"https:\/\/wptrasua.phh.info.vn\/index.php?rest_route=\/wp\/v2\/types\/product"}],"replies":[{"embeddable":true,"href":"https:\/\/wptrasua.phh.info.vn\/index.php?rest_route=%2Fwp%2Fv2%2Fcomments&post=16"}],"wp:featuredmedia":[{"embeddable":true,"href":"https:\/\/wptrasua.phh.info.vn\/index.php?rest_route=\/wp\/v2\/media\/17"}],"wp:attachment":[{"href":"https:\/\/wptrasua.phh.info.vn\/index.php?rest_route=%2Fwp%2Fv2%2Fmedia&parent=16"}],"wp:term":[{"taxonomy":"product_brand","embeddable":true,"href":"https:\/\/wptrasua.phh.info.vn\/index.php?rest_route=%2Fwp%2Fv2%2Fproduct_brand&post=16"},{"taxonomy":"product_cat","embeddable":true,"href":"https:\/\/wptrasua.phh.info.vn\/index.php?rest_route=%2Fwp%2Fv2%2Fproduct_cat&post=16"},{"taxonomy":"product_tag","embeddable":true,"href":"https:\/\/wptrasua.phh.info.vn\/index.php?rest_route=%2Fwp%2Fv2%2Fproduct_tag&post=16"}],"curies":[{"name":"wp","href":"https:\/\/api.w.org\/{rel}","templated":true}]}}